{"id":74,"date":"2025-09-05T13:46:40","date_gmt":"2025-09-05T11:46:40","guid":{"rendered":"https:\/\/pracownik.tmik.pl\/?page_id=74"},"modified":"2025-09-05T14:11:14","modified_gmt":"2025-09-05T12:11:14","slug":"zwolnienie-pracownika","status":"publish","type":"page","link":"https:\/\/pracownik.tmik.pl\/index.php\/zwolnienie-pracownika\/","title":{"rendered":"Zwolnienie Pracownika"},"content":{"rendered":"\t\t<div data-elementor-type=\"wp-page\" data-elementor-id=\"74\" class=\"elementor elementor-74\" data-elementor-post-type=\"page\">\n\t\t\t\t<div class=\"elementor-element elementor-element-365a7ae e-con-full e-flex e-con e-parent\" data-id=\"365a7ae\" data-element_type=\"container\" data-e-type=\"container\" data-settings=\"{&quot;background_background&quot;:&quot;classic&quot;}\">\n\t\t<div class=\"elementor-element elementor-element-e388417 e-con-full e-flex e-con e-child\" data-id=\"e388417\" data-element_type=\"container\" data-e-type=\"container\">\n\t\t\t\t<div class=\"elementor-element elementor-element-d4369e0 elementor-widget elementor-widget-image\" data-id=\"d4369e0\" data-element_type=\"widget\" data-e-type=\"widget\" data-widget_type=\"image.default\">\n\t\t\t\t<div class=\"elementor-widget-container\">\n\t\t\t\t\t\t\t\t\t\t\t\t\t\t\t\t<a href=\"https:\/\/pracownik.tmik.pl\">\n\t\t\t\t\t\t\t<img fetchpriority=\"high\" decoding=\"async\" width=\"728\" height=\"119\" src=\"https:\/\/pracownik.tmik.pl\/wp-content\/uploads\/2025\/03\/logom.png\" class=\"attachment-large size-large wp-image-15\" alt=\"\" srcset=\"https:\/\/pracownik.tmik.pl\/wp-content\/uploads\/2025\/03\/logom.png 728w, https:\/\/pracownik.tmik.pl\/wp-content\/uploads\/2025\/03\/logom-300x49.png 300w\" sizes=\"(max-width: 728px) 100vw, 728px\" \/>\t\t\t\t\t\t\t\t<\/a>\n\t\t\t\t\t\t\t\t\t\t\t\t\t\t\t<\/div>\n\t\t\t\t<\/div>\n\t\t\t\t<\/div>\n\t\t<div class=\"elementor-element elementor-element-d09609c e-con-full e-flex e-con e-child\" data-id=\"d09609c\" data-element_type=\"container\" data-e-type=\"container\">\n\t\t\t\t<\/div>\n\t\t\t\t<\/div>\n\t\t<div class=\"elementor-element elementor-element-44f97bd e-flex e-con-boxed e-con e-parent\" data-id=\"44f97bd\" data-element_type=\"container\" data-e-type=\"container\" data-settings=\"{&quot;background_background&quot;:&quot;classic&quot;}\">\n\t\t\t\t\t<div class=\"e-con-inner\">\n\t\t\t\t<div class=\"elementor-element elementor-element-9ffbaf4 elementor-widget elementor-widget-heading\" data-id=\"9ffbaf4\" data-element_type=\"widget\" data-e-type=\"widget\" data-widget_type=\"heading.default\">\n\t\t\t\t<div class=\"elementor-widget-container\">\n\t\t\t\t\t<h2 class=\"elementor-heading-title elementor-size-default\">Formularz zwolnienia pracownika<\/h2>\t\t\t\t<\/div>\n\t\t\t\t<\/div>\n\t\t\t\t<div class=\"elementor-element elementor-element-e7dc2e7 elementor-view-default elementor-widget elementor-widget-icon\" data-id=\"e7dc2e7\" data-element_type=\"widget\" data-e-type=\"widget\" data-widget_type=\"icon.default\">\n\t\t\t\t<div class=\"elementor-widget-container\">\n\t\t\t\t\t\t\t<div class=\"elementor-icon-wrapper\">\n\t\t\t<div class=\"elementor-icon\">\n\t\t\t<svg aria-hidden=\"true\" class=\"e-font-icon-svg e-fab-wpforms\" viewBox=\"0 0 448 512\" xmlns=\"http:\/\/www.w3.org\/2000\/svg\"><path d=\"M448 75.2v361.7c0 24.3-19 43.2-43.2 43.2H43.2C19.3 480 0 461.4 0 436.8V75.2C0 51.1 18.8 32 43.2 32h361.7c24 0 43.1 18.8 43.1 43.2zm-37.3 361.6V75.2c0-3-2.6-5.8-5.8-5.8h-9.3L285.3 144 224 94.1 162.8 144 52.5 69.3h-9.3c-3.2 0-5.8 2.8-5.8 5.8v361.7c0 3 2.6 5.8 5.8 5.8h361.7c3.2.1 5.8-2.7 5.8-5.8zM150.2 186v37H76.7v-37h73.5zm0 74.4v37.3H76.7v-37.3h73.5zm11.1-147.3l54-43.7H96.8l64.5 43.7zm210 72.9v37h-196v-37h196zm0 74.4v37.3h-196v-37.3h196zm-84.6-147.3l64.5-43.7H232.8l53.9 43.7zM371.3 335v37.3h-99.4V335h99.4z\"><\/path><\/svg>\t\t\t<\/div>\n\t\t<\/div>\n\t\t\t\t\t\t<\/div>\n\t\t\t\t<\/div>\n\t\t\t\t\t<\/div>\n\t\t\t\t<\/div>\n\t\t<div class=\"elementor-element elementor-element-26a2535 e-flex e-con-boxed e-con e-parent\" data-id=\"26a2535\" data-element_type=\"container\" data-e-type=\"container\">\n\t\t\t\t\t<div class=\"e-con-inner\">\n\t\t\t\t<div class=\"elementor-element elementor-element-c8cee2c elementor-widget elementor-widget-shortcode\" data-id=\"c8cee2c\" data-element_type=\"widget\" data-e-type=\"widget\" data-widget_type=\"shortcode.default\">\n\t\t\t\t<div class=\"elementor-widget-container\">\n\t\t\t\t\t\t\t<div class=\"elementor-shortcode\"><div class=\"forminator-ui forminator-custom-form forminator-custom-form-68 forminator-design--default  forminator_ajax\" data-forminator-render=\"0\" data-form=\"forminator-module-68\" data-uid=\"69e367aacf223\"><br\/><\/div><form\n\t\t\t\tid=\"forminator-module-68\"\n\t\t\t\tclass=\"forminator-ui forminator-custom-form forminator-custom-form-68 forminator-design--default  forminator_ajax\"\n\t\t\t\tmethod=\"post\"\n\t\t\t\tdata-forminator-render=\"0\"\n\t\t\t\tdata-form-id=\"68\"\n\t\t\t\t data-color-option=\"theme\" data-design=\"default\" data-grid=\"open\" style=\"display: none;\"\n\t\t\t\tdata-uid=\"69e367aacf223\"\n\t\t\t><div role=\"alert\" aria-live=\"polite\" class=\"forminator-response-message forminator-error\" aria-hidden=\"true\"><\/div><div class=\"forminator-row\"><div id=\"group-1\" class=\"forminator-field-group forminator-col forminator-col-12 \"><label class=\"forminator-label forminator-repeater-label\">Dane pracownika<\/label><div class=\"forminator-all-group-copies forminator-repeater-field\"><div class=\"forminator-grouped-fields\" data-options=\"{&quot;is_repeater&quot;:false,&quot;min_type&quot;:&quot;custom&quot;,&quot;max_type&quot;:&quot;custom&quot;,&quot;min&quot;:1,&quot;max&quot;:9223372036854775807,&quot;add_text&quot;:&quot;Dodaj element&quot;,&quot;remove_text&quot;:&quot;Usu\\u0144 element&quot;,&quot;action_element_type&quot;:&quot;button&quot;}\"><div class=\"forminator-row\"><div id=\"name-1\" class=\"forminator-field-name forminator-col forminator-col-12 \"><div class=\"forminator-field\"><label for=\"forminator-field-name-1_69e367aacf223\" id=\"forminator-field-name-1_69e367aacf223-label\" class=\"forminator-label\">Imi\u0119 i nazwisko <span class=\"forminator-required\">*<\/span><\/label><input type=\"text\" name=\"name-1\" value=\"\" placeholder=\"\" id=\"forminator-field-name-1_69e367aacf223\" class=\"forminator-input forminator-name--field\" aria-required=\"true\" autocomplete=\"name\" \/><\/div><\/div><\/div><div class=\"forminator-row\"><div id=\"name-5\" class=\"forminator-field-name forminator-col forminator-col-12 \"><div class=\"forminator-field\"><label for=\"forminator-field-name-5_69e367aacf223\" id=\"forminator-field-name-5_69e367aacf223-label\" class=\"forminator-label\">Stanowisko pracy <span class=\"forminator-required\">*<\/span><\/label><input type=\"text\" name=\"name-5\" value=\"\" placeholder=\"\" id=\"forminator-field-name-5_69e367aacf223\" class=\"forminator-input forminator-name--field\" aria-required=\"true\" autocomplete=\"name\" \/><\/div><\/div><\/div><div class=\"forminator-row\"><div id=\"select-2\" class=\"forminator-field-select forminator-col forminator-col-12 \"><div class=\"forminator-field\"><label for=\"forminator-form-68__field--select-2_69e367aacf223\" id=\"forminator-form-68__field--select-2_69e367aacf223-label\" class=\"forminator-label\">Numer stacji <span class=\"forminator-required\">*<\/span><\/label><select multiple id=\"forminator-form-68__field--select-2_69e367aacf223\" class=\"forminator-select--field forminator-select2 forminator-select2-multiple\" data-required=\"1\" name=\"select-2[]\" data-default-value=\"\" data-hidden-behavior=\"zero\" data-placeholder=\"Prosz\u0119 wybra\u0107 opcj\u0119\" data-search=\"false\" data-search-placeholder=\"Search\" data-checkbox=\"false\" data-allow-clear=\"true\" aria-labelledby=\"forminator-form-68__field--select-2_69e367aacf223-label\"><option value=\"037\"  data-calculation=\"0\">037<\/option><option value=\"137\"  data-calculation=\"0\">137<\/option><option value=\"147\"  data-calculation=\"0\">147<\/option><option value=\"237\"  data-calculation=\"0\">237<\/option><option value=\"247\"  data-calculation=\"0\">247<\/option><\/select><\/div><\/div><\/div><div class=\"forminator-row\"><div id=\"name-10\" class=\"forminator-field-name forminator-col forminator-col-12 \"><div class=\"forminator-field\"><label for=\"forminator-field-name-10_69e367aacf223\" id=\"forminator-field-name-10_69e367aacf223-label\" class=\"forminator-label\">Data ostatniego dnia w pracy <span class=\"forminator-required\">*<\/span><\/label><input type=\"text\" name=\"name-10\" value=\"\" placeholder=\"\" id=\"forminator-field-name-10_69e367aacf223\" class=\"forminator-input forminator-name--field\" aria-required=\"true\" autocomplete=\"name\" \/><\/div><\/div><\/div><div class=\"forminator-row\"><div id=\"name-11\" class=\"forminator-field-name forminator-col forminator-col-12 \"><div class=\"forminator-field\"><label for=\"forminator-field-name-11_69e367aacf223\" id=\"forminator-field-name-11_69e367aacf223-label\" class=\"forminator-label\">Data ko\u0144ca umowy <span class=\"forminator-required\">*<\/span><\/label><input type=\"text\" name=\"name-11\" value=\"\" placeholder=\"\" id=\"forminator-field-name-11_69e367aacf223\" class=\"forminator-input forminator-name--field\" aria-required=\"true\" autocomplete=\"name\" \/><\/div><\/div><\/div><\/div><\/div><\/div><\/div><div class=\"forminator-row\"><div id=\"group-4\" class=\"forminator-field-group forminator-col forminator-col-12 \"><label class=\"forminator-label forminator-repeater-label\">Uwagi<\/label><div class=\"forminator-all-group-copies forminator-repeater-field\"><div class=\"forminator-grouped-fields\" data-options=\"{&quot;is_repeater&quot;:false,&quot;min_type&quot;:&quot;custom&quot;,&quot;max_type&quot;:&quot;custom&quot;,&quot;min&quot;:1,&quot;max&quot;:9223372036854775807,&quot;add_text&quot;:&quot;Dodaj element&quot;,&quot;remove_text&quot;:&quot;Usu\\u0144 element&quot;,&quot;action_element_type&quot;:&quot;button&quot;}\"><div class=\"forminator-row\"><div id=\"name-12\" class=\"forminator-field-name forminator-col forminator-col-12 \"><div class=\"forminator-field\"><label for=\"forminator-field-name-12_69e367aacf223\" id=\"forminator-field-name-12_69e367aacf223-label\" class=\"forminator-label\">Przekierowanie poczty do: <span class=\"forminator-required\">*<\/span><\/label><input type=\"text\" name=\"name-12\" value=\"\" placeholder=\"\" id=\"forminator-field-name-12_69e367aacf223\" class=\"forminator-input forminator-name--field\" aria-required=\"true\" autocomplete=\"name\" \/><\/div><\/div><\/div><div class=\"forminator-row\"><div id=\"name-13\" class=\"forminator-field-name forminator-col forminator-col-12 \"><div class=\"forminator-field\"><label for=\"forminator-field-name-13_69e367aacf223\" id=\"forminator-field-name-13_69e367aacf223-label\" class=\"forminator-label\">Przekierowanie telefonu do: <span class=\"forminator-required\">*<\/span><\/label><input type=\"text\" name=\"name-13\" value=\"\" placeholder=\"\" id=\"forminator-field-name-13_69e367aacf223\" class=\"forminator-input forminator-name--field\" aria-required=\"true\" autocomplete=\"name\" \/><\/div><\/div><\/div><div class=\"forminator-row\"><div id=\"textarea-1\" class=\"forminator-field-textarea forminator-col forminator-col-12 \"><div class=\"forminator-field\"><label for=\"forminator-field-textarea-1_69e367aacf223\" id=\"forminator-field-textarea-1_69e367aacf223-label\" class=\"forminator-label\">Uwagi do dzia\u0142u IT<\/label><textarea name=\"textarea-1\" placeholder=\"\" id=\"forminator-field-textarea-1_69e367aacf223\" class=\"forminator-textarea\" rows=\"6\" style=\"min-height:140px;\" ><\/textarea><\/div><\/div><\/div><div class=\"forminator-row\"><div id=\"textarea-2\" class=\"forminator-field-textarea forminator-col forminator-col-12 \"><div class=\"forminator-field\"><label for=\"forminator-field-textarea-2_69e367aacf223\" id=\"forminator-field-textarea-2_69e367aacf223-label\" class=\"forminator-label\">Uwagi do dzia\u0142u HR<\/label><textarea name=\"textarea-2\" placeholder=\"\" id=\"forminator-field-textarea-2_69e367aacf223\" class=\"forminator-textarea\" rows=\"6\" style=\"min-height:140px;\" ><\/textarea><\/div><\/div><\/div><\/div><\/div><\/div><\/div><div class=\"forminator-row\"><div id=\"select-4\" class=\"forminator-field-select forminator-col forminator-col-12 \"><div class=\"forminator-field\"><label for=\"forminator-form-68__field--select-4_69e367aacf223\" id=\"forminator-form-68__field--select-4_69e367aacf223-label\" class=\"forminator-label\">Osoba zg\u0142aszaj\u0105ca <span class=\"forminator-required\">*<\/span><\/label><select  id=\"forminator-form-68__field--select-4_69e367aacf223\" class=\"forminator-select--field forminator-select2 forminator-select2-multiple\" data-required=\"1\" name=\"select-4\" data-default-value=\"&nbsp;\" data-hidden-behavior=\"zero\" data-placeholder=\"Prosz\u0119 wybra\u0107 opcj\u0119\" data-search=\"true\" data-search-placeholder=\"Prosz\u0119 wybra\u0107 opcj\u0119\" data-checkbox=\"false\" data-allow-clear=\"false\" aria-labelledby=\"forminator-form-68__field--select-4_69e367aacf223-label\"><option value=\"\"  >Prosz\u0119 wybra\u0107 opcj\u0119<\/option><option value=\"&nbsp;\" selected=\"selected\" data-calculation=\"0\">&nbsp;<\/option><option value=\"agata.baranska@toyocar.pl\"  data-calculation=\"0\">Agata Bara\u0144ska<\/option><option value=\"aleksandra.kaczmarska@toyocar.pl\"  data-calculation=\"0\">Aleksandra Kaczmarska<\/option><option value=\"anna.dominiczak@toyocar.pl\"  data-calculation=\"0\">Anna Dominiczak<\/option><option value=\"anna.molka@toyocar.pl\"  data-calculation=\"0\">Anna Molka<\/option><option value=\"anna.rozanska@toyocar.pl\"  data-calculation=\"0\">Anna R\u00f3\u017ca\u0144ska<\/option><option value=\"bartosz.chrabaszcz@toyocar.pl\"  data-calculation=\"0\">Bartosz Chrab\u0105szcz<\/option><option value=\"damian.ciechanowski@lexuspoznan-lawica.pl\"  data-calculation=\"0\">Damian Ciechanowski<\/option><option value=\"dariusz.kaliski@toyocar.pl\"  data-calculation=\"0\">Dariusz Kaliski<\/option><option value=\"donata.wawrzynska@toyocar.pl\"  data-calculation=\"0\">Donata Wawrzy\u0144ska<\/option><option value=\"dominik.grzegorzewski@toyocar.pl\"  data-calculation=\"0\">Dominik Grzegorzewski<\/option><option value=\"dominik.olejnik@toyocar.pl\"  data-calculation=\"0\">Dominik Olejnik<\/option><option value=\"jacek.mikolajczak@toyocar.pl\"  data-calculation=\"0\">Jacek Miko\u0142ajczak<\/option><option value=\"jakub.dyczkowski@toyocar.pl\"  data-calculation=\"0\">Jakub Dyczkowski<\/option><option value=\"jedrzej.mikolajczak@toyocar.pl\"  data-calculation=\"0\">J\u0119drzej Miko\u0142ajczak<\/option><option value=\"jolanta.mikolajczak@toyocar.pl\"  data-calculation=\"0\">Jolanta Miko\u0142ajczak<\/option><option value=\"katarzyna.wawrzeniak@toyocar.pl\"  data-calculation=\"0\">Katarzyna Wawrzeniak<\/option><option value=\"krzysztof.witczak@toyocar.pl\"  data-calculation=\"0\">Krzysztof Witczak<\/option><option value=\"lukasz.stefanski@toyocar.pl\"  data-calculation=\"0\">\u0141ukasz Stefa\u0144ski<\/option><option value=\"maciej.szymanski@toyocar.pl\"  data-calculation=\"0\">Maciej Szyma\u0144ski<\/option><option value=\"marcin.dominiczak@toyocar.pl\"  data-calculation=\"0\">Marcin Dominiczak<\/option><option value=\"marcin.kalitka@toyocar.pl\"  data-calculation=\"0\">Marcin Kalitka<\/option><option value=\"marcin.ziolkowski@toyocar.pl\"  data-calculation=\"0\">Marcin Zi\u00f3\u0142kowski<\/option><option value=\"mariusz.furmann@lexuspoznan-lawica.pl\"  data-calculation=\"0\">Mariusz Furmann<\/option><option value=\"przemyslaw.lysiak@toyocar.pl\"  data-calculation=\"0\">Przemys\u0142aw \u0141ysiak<\/option><option value=\"przemyslaw.wroblewski@toyocar.pl\"  data-calculation=\"0\">Przemys\u0142aw Wr\u00f3blewski<\/option><option value=\"tomasz.drobniewski@toyocar.pl\"  data-calculation=\"0\">Tomasz Drobniewski<\/option><\/select><\/div><\/div><\/div><input type=\"hidden\" name=\"referer_url\" value=\"\" \/><div class=\"forminator-row forminator-row-last\"><div class=\"forminator-col\"><div class=\"forminator-field\"><button class=\"forminator-button forminator-button-submit\">Wy\u015blij wiadomo\u015b\u0107<\/button><\/div><\/div><\/div><input type=\"hidden\" id=\"forminator_nonce\" name=\"forminator_nonce\" value=\"cee272ade3\" \/><input type=\"hidden\" name=\"_wp_http_referer\" value=\"\/index.php\/wp-json\/wp\/v2\/pages\/74\" \/><input type=\"hidden\" name=\"form_id\" value=\"68\"><input type=\"hidden\" name=\"page_id\" value=\"74\"><input type=\"hidden\" name=\"form_type\" value=\"default\"><input type=\"hidden\" name=\"current_url\" value=\"https:\/\/pracownik.tmik.pl\/index.php\/zwolnienie-pracownika\/\"><input type=\"hidden\" name=\"render_id\" value=\"0\"><input type=\"hidden\" name=\"action\" value=\"forminator_submit_form_custom-forms\"><\/form><\/div>\n\t\t\t\t\t\t<\/div>\n\t\t\t\t<\/div>\n\t\t\t\t\t<\/div>\n\t\t\t\t<\/div>\n\t\t<div class=\"elementor-element elementor-element-9acfed8 e-flex e-con-boxed e-con e-parent\" data-id=\"9acfed8\" data-element_type=\"container\" data-e-type=\"container\" data-settings=\"{&quot;background_background&quot;:&quot;classic&quot;}\">\n\t\t\t\t\t<div class=\"e-con-inner\">\n\t\t<div class=\"elementor-element elementor-element-9e9f4b2 e-con-full e-flex e-con e-child\" data-id=\"9e9f4b2\" data-element_type=\"container\" data-e-type=\"container\">\n\t\t\t\t<div class=\"elementor-element elementor-element-fc6725f elementor-widget elementor-widget-heading\" data-id=\"fc6725f\" data-element_type=\"widget\" data-e-type=\"widget\" data-widget_type=\"heading.default\">\n\t\t\t\t<div class=\"elementor-widget-container\">\n\t\t\t\t\t<h2 class=\"elementor-heading-title elementor-size-default\">&copy; 2025 TOYOTA MIKO\u0141AJCZAK<\/h2>\t\t\t\t<\/div>\n\t\t\t\t<\/div>\n\t\t\t\t<\/div>\n\t\t<div class=\"elementor-element elementor-element-ae086d9 e-con-full e-flex e-con e-child\" data-id=\"ae086d9\" data-element_type=\"container\" data-e-type=\"container\">\n\t\t\t\t<div class=\"elementor-element elementor-element-2b3d02f elementor-widget elementor-widget-image\" data-id=\"2b3d02f\" data-element_type=\"widget\" data-e-type=\"widget\" data-widget_type=\"image.default\">\n\t\t\t\t<div class=\"elementor-widget-container\">\n\t\t\t\t\t\t\t\t\t\t\t\t\t\t\t<img decoding=\"async\" width=\"500\" height=\"197\" src=\"https:\/\/pracownik.tmik.pl\/wp-content\/uploads\/2025\/03\/logo-white.png\" class=\"attachment-large size-large wp-image-37\" alt=\"\" srcset=\"https:\/\/pracownik.tmik.pl\/wp-content\/uploads\/2025\/03\/logo-white.png 500w, https:\/\/pracownik.tmik.pl\/wp-content\/uploads\/2025\/03\/logo-white-300x118.png 300w\" sizes=\"(max-width: 500px) 100vw, 500px\" \/>\t\t\t\t\t\t\t\t\t\t\t\t\t\t\t<\/div>\n\t\t\t\t<\/div>\n\t\t\t\t<\/div>\n\t\t\t\t\t<\/div>\n\t\t\t\t<\/div>\n\t\t\t\t<\/div>\n\t\t","protected":false},"excerpt":{"rendered":"<p>Formularz zwolnienia pracownika &copy; 2025 TOYOTA MIKO\u0141AJCZAK<\/p>\n","protected":false},"author":1,"featured_media":0,"parent":0,"menu_order":0,"comment_status":"closed","ping_status":"closed","template":"elementor_canvas","meta":{"footnotes":""},"class_list":["post-74","page","type-page","status-publish","hentry"],"_links":{"self":[{"href":"https:\/\/pracownik.tmik.pl\/index.php\/wp-json\/wp\/v2\/pages\/74","targetHints":{"allow":["GET"]}}],"collection":[{"href":"https:\/\/pracownik.tmik.pl\/index.php\/wp-json\/wp\/v2\/pages"}],"about":[{"href":"https:\/\/pracownik.tmik.pl\/index.php\/wp-json\/wp\/v2\/types\/page"}],"author":[{"embeddable":true,"href":"https:\/\/pracownik.tmik.pl\/index.php\/wp-json\/wp\/v2\/users\/1"}],"replies":[{"embeddable":true,"href":"https:\/\/pracownik.tmik.pl\/index.php\/wp-json\/wp\/v2\/comments?post=74"}],"version-history":[{"count":10,"href":"https:\/\/pracownik.tmik.pl\/index.php\/wp-json\/wp\/v2\/pages\/74\/revisions"}],"predecessor-version":[{"id":107,"href":"https:\/\/pracownik.tmik.pl\/index.php\/wp-json\/wp\/v2\/pages\/74\/revisions\/107"}],"wp:attachment":[{"href":"https:\/\/pracownik.tmik.pl\/index.php\/wp-json\/wp\/v2\/media?parent=74"}],"curies":[{"name":"wp","href":"https:\/\/api.w.org\/{rel}","templated":true}]}}